{"id":368,"date":"2025-10-17T15:45:28","date_gmt":"2025-10-17T13:45:28","guid":{"rendered":"https:\/\/anaettim.fr\/?page_id=368"},"modified":"2025-10-23T17:11:14","modified_gmt":"2025-10-23T15:11:14","slug":"activites","status":"publish","type":"page","link":"https:\/\/anaettim.fr\/?page_id=368","title":{"rendered":"Activit\u00e9s"},"content":{"rendered":"\n<p>Outre les d\u00e9gustations de glaces, les randonn\u00e9es et les supers visites conseill\u00e9es par vos guides, lab\u00e9lis\u00e9es &#8220;MFA&#8221;, voici quelques id\u00e9es d&#8217;activit\u00e9s \u00e0 faire dans la r\u00e9gion\u00a0: 1\/ vous rendre \u00e0 la plage (of course!), 2\/\u00a0d\u00e9couvrir les \u00eeles en bateau, 3\/ arpenter les march\u00e9s et les vignobles, 4\/ bruncher \u00e0 Saint-Tropez, 5\/ jouer \u00e0 la p\u00e9tanque, 6\/ vous relaxer dans les SPA luxueux de la Presqu&#8217;\u00eele, 7\/ vous adonner aux sports nautiques, 8\/ retomber en enfance avec vos kids.<\/p>\n\n\n\n<p class=\"has-white-color has-text-color has-link-color has-large-font-size wp-elements-d48fd81cf14e7e599af0172bf9f12566\"><strong>Aller \u00e0 la plage<\/strong><\/p>\n\n\n\n<figure class=\"wp-block-image size-full\"><img loading=\"lazy\" decoding=\"async\" width=\"2048\" height=\"1365\" src=\"https:\/\/anaettim.fr\/wp-content\/uploads\/2025\/10\/Site-internet-2.jpg\" alt=\"\" class=\"wp-image-392\"\/><\/figure>\n\n\n\n<p>***<\/p>\n\n\n\n<p class=\"has-white-color has-text-color has-link-color has-large-font-size wp-elements-9dc3b6681c2704c3300135c987ee7138\"><strong>Visiter les \u00eeles d&#8217;Hy\u00e8res et partir en bateau<\/strong><\/p>\n\n\n\n<figure class=\"wp-block-image size-full\"><img loading=\"lazy\" decoding=\"async\" width=\"1024\" height=\"681\" src=\"https:\/\/anaettim.fr\/wp-content\/uploads\/2025\/10\/port-cros-port.jpg\" alt=\"\" class=\"wp-image-470\"\/><\/figure>\n\n\n\n<p>&#8211; Les \u00celes du Levant\u00a0: Port-Cros, Porquerolles et le Levant forment un parc national magnifique o\u00f9 l&#8217;eau turquoise tutoie les vignes quasi sauvages. Si la derni\u00e8re de ces \u00eeles, le Levant, se divise en une base militaire qui c\u00f4toie des plages r\u00e9serv\u00e9es aux nudistes, les deux autres \u00eeles sont id\u00e9ales si vous \u00eates frileux et d\u00e9sireux de grand large. L&#8217;\u00eele de Port-Cros, qui est la plus proche de La Croix-Valmer est accessible depuis Cavalaire \u00e0 l&#8217;aide d&#8217;une <a href=\"https:\/\/www.vedettesilesdor.fr\/excursions\/ile-de-port-cro\" data-type=\"link\" data-id=\"https:\/\/www.vedettesilesdor.fr\/excursions\/ile-de-port-cro\">navette<\/a>. Une demie journ\u00e9e suffit pour d\u00e9couvrir l&#8217;\u00eele et profiter d&#8217;un bon poisson. Plus grande et plus touristique, mais mieux \u00e9quip\u00e9e, l&#8217;\u00eele de Porquerolles est un peu plus loin et n\u00e9cessite d&#8217;y passer la journ\u00e9e (un d\u00e9tour par Port-Cros est possible). Si vous avez le permis bateau, il vous est \u00e9galement possible de louer un bateau depuis le port de Cavalaire.<\/p>\n\n\n\n<p>&#8211; Louer un bateau : depuis le port de Cavalaire, vous pouvez louer des bateaux allant de 6 \u00e0 14 personnes, pour une journ\u00e9e, comme pour la demi-journ\u00e9e. Le prix d\u00e9pend bien \u00e9videmment du mod\u00e8le de bateau et de l&#8217;option avec ou sans skipper. Pour une journ\u00e9e en mer, sans skipper, en moyenne saison, compter environ 350\/450 euros pour un bateau de 12 personnes (hors essence).<\/p>\n\n\n\n<p>***<\/p>\n\n\n\n<p class=\"has-white-color has-text-color has-link-color has-large-font-size wp-elements-a8be9f75e21cb00dc0c310e3bfadbe8c\"><strong>D\u00e9couvrir quelques tr\u00e9sors culinaires<\/strong><\/p>\n\n\n\n<figure class=\"wp-block-image size-full\"><img loading=\"lazy\" decoding=\"async\" width=\"1230\" height=\"850\" src=\"https:\/\/anaettim.fr\/wp-content\/uploads\/2025\/10\/Olives-2.jpg\" alt=\"\" class=\"wp-image-496\"\/><\/figure>\n\n\n\n<p>&#8211;\u00a0Le march\u00e9: allant de village en village, le march\u00e9 local est ouvert toute l&#8217;ann\u00e9e: <strong>lundi<\/strong>\u00a0\u00e0 Sainte-Maxime, <strong>mardi<\/strong>\u00a0\u00e0 Saint-Tropez, <strong>mercredi<\/strong>\u00a0\u00e0 Cavalaire et Cogolin,<strong> jeudi<\/strong>\u00a0\u00e0 Grimaud, Port-Grimaud et Ramatuelle, <strong>vendredi<\/strong>\u00a0\u00e0 Sainte-Maxime et au Rayol (en saison), <strong>samedi<\/strong>\u00a0\u00e0 Cogolin et Saint-Tropez, <strong>dimanche<\/strong>\u00a0\u00e0 La Croix-Valmer, Ramatuelle et Port Grimaud. <\/p>\n\n\n\n<p>Les prix peuvent fluctuer, mais il s&#8217;agit, dans l&#8217;ensemble, d&#8217;un endroit propice pour d\u00e9couvrir les sp\u00e9cialit\u00e9s locales. Des paniers en osiers \u00e0 l&#8217;ancho\u00efade, en passant par les tissus proven\u00e7aux, vous y trouverez de tout, mais vraiment de tout, peut-\u00eatre un peu trop de tout\u00a0! <strong>Attention aux vendeurs de tapenades<\/strong>\u00a0: la tapenade est une recette traditionnelle qui, en sus des olives, doit contenir des c\u00e2pres et des anchois et se distingue de l&#8217;olivade qui fait l&#8217;\u00e9conomie de ces deux produits. Tous les jeudis soirs, de fin juin \u00e0 fin ao\u00fbt, d\u00e8s 16h, La Croix-Valmer accueille aussi un march\u00e9 artisanal nocturne.\u00a0<\/p>\n\n\n\n<p>&#8211;\u00a0Les vignobles : c\u00e9l\u00e8bre pour ses ros\u00e9s, la r\u00e9gion est aussi riche d\u2019un terroir propice \u00e0 l\u2019\u00e9levage de vins blancs et rouges. Ces vins atypiques au caract\u00e8re souvent bien tremp\u00e9s ne sont pas faits pour tous les palais mais m\u00e9ritent d\u2019\u00eatre connus\u00a0! N\u2019h\u00e9sitez pas \u00e0 pousser la porte des chais locaux. Si certains se sont transform\u00e9s en v\u00e9ritables bars \u00e0 vin (voir dans la rubrique bars), tous se feront une joie de vous faire d\u00e9guster leurs produits, avec ou sans achat\u00a0! Voici une liste non exhaustive de vignobles dans les environs\u00a0: <a href=\"https:\/\/www.domaineduvaldegilly.com\/\" data-type=\"link\" data-id=\"https:\/\/www.domaineduvaldegilly.com\/\">Domaine du Val de Gilly<\/a>, <a href=\"https:\/\/www.chateausaintmaur.com\/\" data-type=\"link\" data-id=\"https:\/\/www.chateausaintmaur.com\/\">Ch\u00e2teau Saint-Maur<\/a>, <a href=\"https:\/\/chateaudechausse.fr\/presse\/\" data-type=\"link\" data-id=\"https:\/\/chateaudechausse.fr\/presse\/\">Ch\u00e2teau de Chausse<\/a>, <a href=\"https:\/\/www.domainelarouillere.com\/\" data-type=\"link\" data-id=\"https:\/\/www.domainelarouillere.com\/\">Domaine de la Rouill\u00e8re<\/a>, <a href=\"https:\/\/www.domainedelacroix.com\/\" data-type=\"link\" data-id=\"https:\/\/www.domainedelacroix.com\/\">Domaine de La Croix<\/a>, <a href=\"https:\/\/www.nosbellesterres.com\/\" data-type=\"link\" data-id=\"https:\/\/www.nosbellesterres.com\/\">Domaine de la Madrague<\/a>, <a href=\"https:\/\/minuty.com\/\" data-type=\"link\" data-id=\"https:\/\/minuty.com\/\">Ch\u00e2teau Minuty<\/a>.<\/p>\n\n\n\n<p>***<\/p>\n\n\n\n<p class=\"has-white-color has-text-color has-link-color has-large-font-size wp-elements-2678cba56a872868035687396d484211\"><strong>Bruncher \u00e0 Saint-Tropez<\/strong><\/p>\n\n\n\n<figure class=\"wp-block-image size-full\"><img loading=\"lazy\" decoding=\"async\" width=\"802\" height=\"506\" src=\"https:\/\/anaettim.fr\/wp-content\/uploads\/2025\/10\/Capture-decran-2025-10-22-094532.jpg\" alt=\"\" class=\"wp-image-526\"\/><\/figure>\n\n\n\n<p>Tout heureux que vous \u00eates, vous vous rendez \u00e0 Saint-Tropez pour d\u00e9couvrir son march\u00e9 chantant aux odeurs proven\u00e7ales. Mais voil\u00e0 que les parkings sont pleins et qu&#8217;apr\u00e8s 5 bonnes minutes \u00e0 chercher une place, vous perdez patience face \u00e0 la mar\u00e9e de voitures et de pi\u00e9tons qui vous encercle. Allez vous faire demi-tour et abandonner vos r\u00eaves de fl\u00e2nerie et d&#8217;\u00e9choppes\u00a0? Certainement pas\u00a0! Et si vous preniez un peu de hauteur\u00a0? Quittez donc cette foule et montez votre coup\u00e9 de chasse jusqu&#8217;\u00e0 l&#8217;<a href=\"https:\/\/www.byblos.com\/\" data-type=\"link\" data-id=\"https:\/\/www.byblos.com\/\">H\u00f4tel le Byblos<\/a> au sommet de Saint-Tropez. Il s&#8217;agit l\u00e0 d&#8217;une astuce MFA, qui a bien connu Saint-Tropez la fougueuse&#8230; et vice versa.<\/p>\n\n\n\n<p>Laissez nonchalamment vos clefs au voiturier et entrez dans ce temple trop\u00e9zien qui a accueilli B.B., Mireille Darc, Polnareff, Mick Jagger et bien d&#8217;autres encore\u00a0! L\u00e0, descendez quelques marches pour d\u00e9couvrir une petite placette bord\u00e9e d&#8217;une piscine int\u00e9rieure et peupl\u00e9e de fauteuils cosys. L&#8217;accueil est franc et chaleureux, l&#8217;H\u00f4tel est toujours ravi d&#8217;accueillir jusqu&#8217;\u00e0 11h30 des personnes qui ne sont pas clientes, et ce surtout \u00e0 la mi-saison. Laissez-vous guider et emporter jusqu&#8217;\u00e0 la salle du petit-d\u00e9jeuner o\u00f9 vous d\u00e9couvrirez des miels et confitures artisanales, des plats sucr\u00e9s et sal\u00e9s maison en tout genre et une grande vari\u00e9t\u00e9 de boissons chaudes. Asseyez-vous tranquillement \u00e0 votre table, et comme un vieil habitu\u00e9 qui ne serait finalement jamais vraiment parti, profitez du calme et de l&#8217;oisivet\u00e9 de ce lieu hors du temps. Assez r\u00eavass\u00e9? Il est temps d&#8217;aller d\u00e9couvrir le march\u00e9\u00a0! Quelle heureuse co\u00efncidence, l&#8217;h\u00f4tel dispose d&#8217;un acc\u00e8s direct, par ascenseur ou escalier, jusqu&#8217;\u00e0 la place des Lices. Votre soif d&#8217;emplettes assouvie, il ne vous restera plus qu&#8217;\u00e0 remonter \u00e0 l&#8217;h\u00f4tel pour r\u00e9cup\u00e9rer votre bolide. C&#8217;est dur, la vie! Bien s\u00fbr, comme toujours \u00e0 Saint-Tropez, l&#8217;exp\u00e9rience \u00e0 un co\u00fbt, un peu plus de 55 euros de m\u00e9moire. Mais, d&#8217;une part, en jeunant la veille et en ne mangeant pas de la journ\u00e9e apr\u00e8s le brunch, vous \u00e9conomisez un paquet de repas\u00a0! Et, d&#8217;autre part, au-del\u00e0 de la qualit\u00e9 du petit-d\u00e9jeuner qui est vraiment remarquable, le cadre est tr\u00e8s agr\u00e9able et invite \u00e0 s&#8217;attarder. Enfin, rappelez-vous que vous n&#8217;avez pas eu \u00e0 payer le parking et que vous vous \u00eates \u00e9pargner le tracas de garer la voiture, et n&#8217;oubliez pas de pr\u00e9voir un petit billet \u00e0 laisser au voiturier (impossible de faire de la monnaie \u00e0 l&#8217;h\u00f4tel; en cas d&#8217;oubli, il n&#8217;en tiendra pas rigueur, mais c&#8217;est tout de m\u00eame son m\u00e9tier).<\/p>\n\n\n\n<p>Il existe bien s\u00fbr, plein d&#8217;autres h\u00f4tels o\u00f9 aller prendre un petit-d\u00e9jeuner!<\/p>\n\n\n\n<p>***<\/p>\n\n\n\n<p class=\"has-white-color has-text-color has-link-color has-large-font-size wp-elements-cf8b94f7d3eda5aa2d754f862afc64cc\"><strong>La p\u00e9tanque et sa mauresque<\/strong><\/p>\n\n\n\n<figure class=\"wp-block-image size-full\"><img loading=\"lazy\" decoding=\"async\" width=\"576\" height=\"910\" src=\"https:\/\/anaettim.fr\/wp-content\/uploads\/2025\/10\/petanque.jpg\" alt=\"\" class=\"wp-image-500\"\/><\/figure>\n\n\n\n<p>Nul besoin d&#8217;aller place de Lices pour jouer \u00e0 la p\u00e9tanque. Le plus beau spot est probablement celui de Gassin, qui propose une vue imprenable sur le Golfe de Saint-Tropez. Juste \u00e0 c\u00f4t\u00e9 du <a href=\"https:\/\/maps.app.goo.gl\/oEs1a4je88QSWPeBA\" data-type=\"link\" data-id=\"https:\/\/maps.app.goo.gl\/oEs1a4je88QSWPeBA\">parking L\u00e9on Martel<\/a>, au pied de la table d&#8217;observation de Gassin, est cach\u00e9 le terrain de p\u00e9tanque de Gassin. Alors ne r\u00e9fl\u00e9chis pas, prend ton orgeat, ton pastaga et un filet d&#8217;eau, amasse tes boules et ton cochonnet et va faire une petit p\u00e9tanque avant d&#8217;admirer le coucher de soleil\u00a0! C&#8217;est cadeau et \u00e7a fait plaisir\u00a0!\u00a0<\/p>\n\n\n\n<p>***<\/p>\n\n\n\n<p class=\"has-white-color has-text-color has-link-color has-large-font-size wp-elements-16bb2625748b55f7eab9d603d3f30b42\"><strong>Relaxation et SPA<\/strong><\/p>\n\n\n\n<figure class=\"wp-block-image size-full\"><img loading=\"lazy\" decoding=\"async\" width=\"1536\" height=\"2048\" src=\"https:\/\/anaettim.fr\/wp-content\/uploads\/2025\/10\/SPA.jpg\" alt=\"\" class=\"wp-image-530\"\/><\/figure>\n\n\n\n<p>Les offres de SPA ne manquent pas dans la r\u00e9gion et les prix varient du simple au double. <\/p>\n\n\n\n<p>&#8211;\u00a0<strong><a href=\"https:\/\/lilyofthevalley.com\/fr\/les-soins-du-shape-club?_gl=1*1x1chrx*_up*MQ..*_gs*MQ..&amp;gclid=CjwKCAjwgeLHBhBuEiwAL5gNEQ2_mJdGqAjd1I2qdWIwrE2OSV2ovsnEwHFq2DCYI3xH21bjhF5QzhoCW4IQAvD_BwE&amp;gbraid=0AAAAACpUNpjQIY2tP1HDmfYSW9-4k-FqP\" data-type=\"link\" data-id=\"https:\/\/lilyofthevalley.com\/fr\/les-soins-du-shape-club?_gl=1*1x1chrx*_up*MQ..*_gs*MQ..&amp;gclid=CjwKCAjwgeLHBhBuEiwAL5gNEQ2_mJdGqAjd1I2qdWIwrE2OSV2ovsnEwHFq2DCYI3xH21bjhF5QzhoCW4IQAvD_BwE&amp;gbraid=0AAAAACpUNpjQIY2tP1HDmfYSW9-4k-FqP\">Shape Club de Lily of the Valley<\/a><\/strong><\/p>\n\n\n\n<p>&#8211;\u00a0<strong><a href=\"https:\/\/www.chateauvalmer.com\/fr\/spa-hotel-cote-d-azur\/?sjrncid=GA_16463591168&amp;sjrnaid=GA_594886313682&amp;gclsrc=aw.ds&amp;gad_source=1&amp;gad_campaignid=16463591168&amp;gbraid=0AAAAAodn1kN93l_dREb45JtUVl3Rjkyh4&amp;gclid=CjwKCAjwgeLHBhBuEiwAL5gNETzQf92DpjSJ70O_hUzR4i9NTmBO4tcp80_vCwWdXRcTRLnGETZaTxoCtIIQAvD_BwE\" data-type=\"link\" data-id=\"https:\/\/www.chateauvalmer.com\/fr\/spa-hotel-cote-d-azur\/?sjrncid=GA_16463591168&amp;sjrnaid=GA_594886313682&amp;gclsrc=aw.ds&amp;gad_source=1&amp;gad_campaignid=16463591168&amp;gbraid=0AAAAAodn1kN93l_dREb45JtUVl3Rjkyh4&amp;gclid=CjwKCAjwgeLHBhBuEiwAL5gNETzQf92DpjSJ70O_hUzR4i9NTmBO4tcp80_vCwWdXRcTRLnGETZaTxoCtIIQAvD_BwE\">Ch\u00e2teau Valmer<\/a><\/strong><\/p>\n\n\n\n<p>&#8211;\u00a0<strong><a href=\"https:\/\/www.institut-instantjasmin-var.fr\/\" data-type=\"link\" data-id=\"https:\/\/www.institut-instantjasmin-var.fr\/\">L&#8217;instant Jasmin<\/a><\/strong><\/p>\n\n\n\n<p>***<\/p>\n\n\n\n<p class=\"has-white-color has-text-color has-link-color has-large-font-size wp-elements-8e6eadd74ba59edc68fdeef4b1246a19\"><strong>Les sports nautiques<\/strong> <\/p>\n\n\n\n<figure class=\"wp-block-image size-full\"><img loading=\"lazy\" decoding=\"async\" width=\"1062\" height=\"1416\" src=\"https:\/\/anaettim.fr\/wp-content\/uploads\/2025\/10\/Parachute.jpg\" alt=\"\" class=\"wp-image-533\"\/><\/figure>\n\n\n\n<p>Pour petits et grands, il est tr\u00e8s facile de louer kayak, catamaran, d\u00e9riveur ou planche \u00e0 voile. La plupart des clubs des plages de La Croix-Valmer et de Cavalaire proposent des cours particuliers ou collectifs, ou encore de la location autonome. Voici deux adresses\u00a0: le <a href=\"https:\/\/www.lacroixvalmer.fr\/Centre-nautique-187\" data-type=\"link\" data-id=\"https:\/\/www.lacroixvalmer.fr\/Centre-nautique-187\">Centre nautique<\/a> de La Croix-Valmer, plage du d\u00e9barquement, et le <a href=\"https:\/\/www.cavalaire.fr\/yacht-club-0\" data-type=\"link\" data-id=\"https:\/\/www.cavalaire.fr\/yacht-club-0\">Yacht Club<\/a> de Cavalaire.<\/p>\n\n\n\n<p>A Gigaro, l&#8217;H\u00f4tel Lily of the Valley (toujours lui) dispose \u00e9galement d&#8217;un &#8220;<em><a href=\"https:\/\/www.lilyofthevalley.com\/fr\/club-nautique\" data-type=\"link\" data-id=\"https:\/\/www.lilyofthevalley.com\/fr\/club-nautique\">club nautique<\/a><\/em>&#8221; venu remplacer la Voile Blanche, institution locale tenue par Jean-Pascal et Guillaume. Inutile de vous dire qu&#8217;il ne s&#8217;agit pas r\u00e9ellement d&#8217;un club de voile, mais que cela peut d\u00e9panner si vous cherchez \u00e0 louer \u00e0 Gigaro un paddle ou une planche \u00e0 voile.<\/p>\n\n\n\n<p>A Cavalaire, il est \u00e9galement possible de faire d&#8217;autres sports nautiques que de la voile\u00a0: wakeboard, bou\u00e9e, parachute ascensionnel, etc. Pour rappel, vous pouvez \u00e9galement louer un bateau \u00e0 Cavalaire avec, en plus, mais parfois sans co\u00fbt, une bou\u00e9e ou un wake.<\/p>\n\n\n\n<p>***<\/p>\n\n\n\n<p class=\"has-white-color has-text-color has-link-color has-large-font-size wp-elements-ca7e1adfddd77af4a608a994b0b5b713\"><strong>Autres activit\u00e9s pour petits et grands <\/strong><\/p>\n\n\n\n<figure class=\"wp-block-image size-full\"><img loading=\"lazy\" decoding=\"async\" width=\"1000\" height=\"667\" src=\"https:\/\/anaettim.fr\/wp-content\/uploads\/2025\/10\/4.port-grimaud-Grigory-Galantnyy.jpg\" alt=\"\" class=\"wp-image-539\"\/><\/figure>\n\n\n\n<p>&#8211;\u00a0<strong>Les bateaux sans permis de Port-Grimaud<\/strong>\u00a0: t&#8217;as pas le permis mais une \u00e2me de capitaine? Va donc \u00e0 Port-Grimaud piloter une petite vedette\u00a0! <a href=\"https:\/\/www.google.fr\/search?sca_esv=4acce884baa46368&amp;hl=fr&amp;gl=fr&amp;output=search&amp;kgmid=\/g\/11tc6n8bt4&amp;q=Barqu'elec&amp;shndl=30&amp;shem=epsdc,lcuae,uaasie,shrtn&amp;source=sh\/x\/loc\/uni\/m1\/1&amp;kgs=e0204bb8d6f77388&amp;utm_source=epsdc,lcuae,uaasie,shrtn,sh\/x\/loc\/uni\/m1\/1\" data-type=\"link\" data-id=\"https:\/\/www.google.fr\/search?sca_esv=4acce884baa46368&amp;hl=fr&amp;gl=fr&amp;output=search&amp;kgmid=\/g\/11tc6n8bt4&amp;q=Barqu'elec&amp;shndl=30&amp;shem=epsdc,lcuae,uaasie,shrtn&amp;source=sh\/x\/loc\/uni\/m1\/1&amp;kgs=e0204bb8d6f77388&amp;utm_source=epsdc,lcuae,uaasie,shrtn,sh\/x\/loc\/uni\/m1\/1\">Barqu&#8217;\u00e9lec<\/a> propose des petits bateaux \u00e9lectriques sans permis, parfaits pour visiter Port-Grimaud depuis l&#8217;eau. Frissons assur\u00e9s pour les petits et les grands!<\/p>\n\n\n\n<p>&#8211;\u00a0<a href=\"https:\/\/lapalmeraiefamily.com\/\" data-type=\"link\" data-id=\"https:\/\/lapalmeraiefamily.com\/\">La Palmeraie Family<\/a>, au Rond point de La Foux \u00e0 Cogolin\u00a0: mini gold, parcours Ninja, parcours filet.<\/p>\n\n\n\n<p>&#8211;\u00a0<a href=\"https:\/\/www.paintball-family.com\/\" data-type=\"link\" data-id=\"https:\/\/www.paintball-family.com\/\">Paintball Family<\/a> au Rond point de La Foux \u00e0 Cogolin.<\/p>\n\n\n\n<p>&#8211;\u00a0<a href=\"https:\/\/www.azurpark.fr\/\" data-type=\"link\" data-id=\"https:\/\/www.azurpark.fr\/\">Azur Park<\/a>, au Rond point de La Foux \u00e0 Cogolin : si tu t&#8217;ennuies au mariage, sait-on jamais\u00a0!<\/p>\n\n\n\n<p><\/p>\n","protected":false},"excerpt":{"rendered":"<p>Outre les d\u00e9gustations de glaces, les randonn\u00e9es et les supers visites conseill\u00e9es par vos guides, lab\u00e9lis\u00e9es &#8220;MFA&#8221;, voici quelques id\u00e9es d&#8217;activit\u00e9s \u00e0 faire dans la r\u00e9gion\u00a0: 1\/ vous rendre \u00e0 la plage (of course!), 2\/\u00a0d\u00e9couvrir les \u00eeles en bateau, 3\/ arpenter les march\u00e9s et les vignobles, 4\/ bruncher \u00e0 Saint-Tropez, 5\/ jouer \u00e0 la p\u00e9tanque, [&hellip;]<\/p>\n","protected":false},"author":1,"featured_media":0,"parent":0,"menu_order":0,"comment_status":"closed","ping_status":"closed","template":"","meta":{"footnotes":""},"class_list":["post-368","page","type-page","status-publish","hentry"],"_links":{"self":[{"href":"https:\/\/anaettim.fr\/index.php?rest_route=\/wp\/v2\/pages\/368","targetHints":{"allow":["GET"]}}],"collection":[{"href":"https:\/\/anaettim.fr\/index.php?rest_route=\/wp\/v2\/pages"}],"about":[{"href":"https:\/\/anaettim.fr\/index.php?rest_route=\/wp\/v2\/types\/page"}],"author":[{"embeddable":true,"href":"https:\/\/anaettim.fr\/index.php?rest_route=\/wp\/v2\/users\/1"}],"replies":[{"embeddable":true,"href":"https:\/\/anaettim.fr\/index.php?rest_route=%2Fwp%2Fv2%2Fcomments&post=368"}],"version-history":[{"count":31,"href":"https:\/\/anaettim.fr\/index.php?rest_route=\/wp\/v2\/pages\/368\/revisions"}],"predecessor-version":[{"id":626,"href":"https:\/\/anaettim.fr\/index.php?rest_route=\/wp\/v2\/pages\/368\/revisions\/626"}],"wp:attachment":[{"href":"https:\/\/anaettim.fr\/index.php?rest_route=%2Fwp%2Fv2%2Fmedia&parent=368"}],"curies":[{"name":"wp","href":"https:\/\/api.w.org\/{rel}","templated":true}]}}