{"id":373,"date":"2025-10-17T15:46:44","date_gmt":"2025-10-17T13:46:44","guid":{"rendered":"https:\/\/anaettim.fr\/?page_id=373"},"modified":"2025-10-23T17:30:07","modified_gmt":"2025-10-23T15:30:07","slug":"restaurants","status":"publish","type":"page","link":"https:\/\/anaettim.fr\/?page_id=373","title":{"rendered":"Restaurants"},"content":{"rendered":"\n<p class=\"has-small-font-size\"><strong>Pour les logements, voir la page pr\u00e9c\u00e9dente &#8220;Que faire&#8221;<\/strong>.<\/p>\n\n\n\n<p>C\u00f4t\u00e9 restauration, la r\u00e9gion est bien pourvue, trop pourvue peut-\u00eatre! De l&#8217;attrape-touristes au bon plan, en passant par le restaurant gastronomique, vous trouverez de tout et pour toutes les bourses. Dans l&#8217;ensemble, les prix sur la presqu&#8217;\u00eele sont plut\u00f4t \u00e9lev\u00e9s et ce a fortiori lorsque l&#8217;\u00e9tablissement offre une vue spectaculaire et un service remarquable. Pour vous aider dans vos dilemmes culinaires, voici quelques suggestions!<\/p>\n\n\n\n<p>Petite astuce: de fa\u00e7on g\u00e9n\u00e9rale, mais particuli\u00e8rement en basse et moyenne saison, il ne faut pas h\u00e9siter \u00e0 franchir la porte des luxueux h\u00f4tels de la presqu\u2019\u00eele. Pas besoin de venir sur votre trente-et-un, l\u2019immense majorit\u00e9 vous ouvrira leurs portes avec plaisir, le temps d\u2019un repas, d\u2019un verre ou d\u2019un petit d\u00e9jeuner.<\/p>\n\n\n\n<figure class=\"wp-block-image size-full is-resized\"><img loading=\"lazy\" decoding=\"async\" width=\"423\" height=\"470\" src=\"https:\/\/anaettim.fr\/wp-content\/uploads\/2025\/10\/Pic.png\" alt=\"\" class=\"wp-image-413\" style=\"width:476px;height:auto\"\/><\/figure>\n\n\n\n<p class=\"has-small-font-size\">Miam Miam! Qu&#8217;est-ce qu&#8217;on mange bien ici! <sup>(M.M.)<\/sup><\/p>\n\n\n\n<p class=\"has-white-color has-text-color has-link-color has-large-font-size wp-elements-d5368c7b0baa105f48a169bac853ceb8\"><strong>Restaurants \u00e0 Gigaro<\/strong><\/p>\n\n\n\n<p>&#8211;\u00a0<strong>Le petit Gigaro<\/strong>\u00a0: seul restaurant de Gigaro \u00e0 ne pas avoir une vue mer, son emplacement, sur un petit rond-point, pourrait vous faire h\u00e9siter. Et pourtant, l&#8217;accueil y est chaleureux, les pizzas et les plats sont bons et abordables: <a href=\"https:\/\/www.lepetitgigaro.com\/\" data-type=\"link\" data-id=\"https:\/\/www.lepetitgigaro.com\/\">carte<\/a>. Tr\u00e8s sympa pour un petit d\u00eener ou pour aller chercher des pizzas \u00e0 emporter \u00e0 la <a href=\"https:\/\/www.google.fr\/search?q=Plage+de+Sylvabelle,+83420&amp;shndl=40&amp;shem=epsdc,shrtn&amp;source=sh\/x\/loc\/geo\/m1\/1&amp;kgs=2bd74881cc066b3a&amp;utm_source=epsdc,shrtn,sh\/x\/loc\/geo\/m1\/1\" data-type=\"link\" data-id=\"https:\/\/www.google.fr\/search?q=Plage+de+Sylvabelle,+83420&amp;shndl=40&amp;shem=epsdc,shrtn&amp;source=sh\/x\/loc\/geo\/m1\/1&amp;kgs=2bd74881cc066b3a&amp;utm_source=epsdc,shrtn,sh\/x\/loc\/geo\/m1\/1\">plage de Sylvabelle<\/a> de l&#8217;autre c\u00f4t\u00e9 du rond-point.<\/p>\n\n\n\n<p>&#8211;\u00a0<strong>Couleur jardin<\/strong> : restaurant de plage un peu haut de gamme avec une magnifique vue mer. L&#8217;endroit est instantan\u00e9ment d\u00e9paysant et les plats sont de qualit\u00e9: <a href=\"https:\/\/www.couleursjardingigaro.fr\/\" data-type=\"link\" data-id=\"https:\/\/www.couleursjardingigaro.fr\/\">carte<\/a>.<\/p>\n\n\n\n<p>&#8211;\u00a0<strong>Marius \u00e0 la Page<\/strong>: restaurant sympathique les pieds dans l&#8217;eau. Juste en dessous de Couleur jardin et cr\u00e9\u00e9 par le fils du patron de ce dernier, il ne s&#8217;agit pas du meilleur rapport qualit\u00e9 prix de la plage (<a href=\"https:\/\/www.mariusalaplage.fr\/\" data-type=\"link\" data-id=\"https:\/\/www.mariusalaplage.fr\/\">carte<\/a>), mais la Pi\u00f1a Colada est valid\u00e9e par papa Andro. PS: c&#8217;est aussi l\u00e0 que Timoth\u00e9e a travaill\u00e9 quelques \u00e9t\u00e9s.<\/p>\n\n\n\n<p>&#8211;\u00a0<strong>Le Refuge<\/strong>\u00a0: restaurant gastronomique avec une magnifique vue mer. Id\u00e9al pour d\u00e9guster des plats travaill\u00e9s dans un cadre idyllique. Formule midi assez int\u00e9ressante: <a href=\"https:\/\/www.lerefugegigaro.fr\/le-restaurant\/\" data-type=\"link\" data-id=\"https:\/\/www.lerefugegigaro.fr\/le-restaurant\/\">carte<\/a>.<\/p>\n\n\n\n<p>&#8211;\u00a0<strong>La Brigantine<\/strong>\u00a0: restaurant de plage de l&#8217;H\u00f4tel Lily of the Valley, l&#8217;\u00e9tablissement a une magnifique vue mer (et oui, encore\u00a0!) qui se marie bien avec les sp\u00e9cialit\u00e9s italiennes de sa <a href=\"https:\/\/www.lilyofthevalley.com\/uploads\/menus\/pdf\/MENU-BRIGANTINE-SEPTEMBRE-2025-WEB.pdf\" data-type=\"link\" data-id=\"https:\/\/www.lilyofthevalley.com\/uploads\/menus\/pdf\/MENU-BRIGANTINE-SEPTEMBRE-2025-WEB.pdf\">carte<\/a>.<\/p>\n\n\n\n<p>&#8211;\u00a0<strong>Lily of the Valley<\/strong>\u00a0: restaurant principal de l&#8217;H\u00f4tel Lily of the Valley, il s&#8217;agit peut-\u00eatre de la plus belle vue du golfe. La <a href=\"https:\/\/www.lilyofthevalley.com\/fr\/restaurants-menus\" data-type=\"link\" data-id=\"https:\/\/www.lilyofthevalley.com\/fr\/restaurants-menus\">carte<\/a> est sans surprise, mais tr\u00e8s bonne et efficace. Bref, un choix s\u00fbr, mais peu audacieux. Nous vous recommandons plut\u00f4t d&#8217;y aller pour d\u00e9guster un cocktail et des petits zakouskis tout en profitant du coucher de soleil.<\/p>\n\n\n\n<p>&#8211;\u00a0<strong>La Pin\u00e8de<\/strong>\u00a0: m\u00eames remarques que pour le Lily of the Valley, la <a href=\"https:\/\/www.pinedeplage.com\/fr\/?utm_source=google&amp;utm_medium=organic&amp;utm_campaign=fiche\" data-type=\"link\" data-id=\"https:\/\/www.pinedeplage.com\/fr\/?utm_source=google&amp;utm_medium=organic&amp;utm_campaign=fiche\">carte<\/a> sp\u00e9cialis\u00e9e dans les poissons propose des plats bien ex\u00e9cut\u00e9s. Nous conseillons \u00e9galement d&#8217;y aller plut\u00f4t pour siroter un d\u00e9licieux cocktail \u00e0 quelques m\u00e8tres de la mer.<\/p>\n\n\n\n<p>***<\/p>\n\n\n\n<p class=\"has-white-color has-text-color has-link-color has-large-font-size wp-elements-974cc25be6bf092773d26481f611f947\"><strong>Restaurants en dehors de Gigaro<\/strong><\/p>\n\n\n\n<p>La r\u00e9gion regorge de restaurants \u00e0 la qualit\u00e9 variable, mais voici quelques adresses valid\u00e9es par la mafia Andro.<\/p>\n\n\n\n<p>&#8211;\u00a0<strong>La plage du d\u00e9barquement<\/strong>\u00a0: autre plage de La Croix-Valmer, vous y trouverez de nombreux restaurants plus ou moins proches de l&#8217;eau et \u00e0 la qualit\u00e9 variable (<a href=\"https:\/\/www.grimaud-provence.com\/offres\/plage-du-debarquement-la-croix-valmer-fr-3093971\/\" data-type=\"link\" data-id=\"https:\/\/www.grimaud-provence.com\/offres\/plage-du-debarquement-la-croix-valmer-fr-3093971\/\">ici<\/a>). Etablissements l\u00e9g\u00e8rement plus abordables qu&#8217;\u00e0 la plage de Gigaro : le <a href=\"https:\/\/lenauticbeach.com\/\" data-type=\"link\" data-id=\"https:\/\/lenauticbeach.com\/\">Nautic Beach<\/a>, id\u00e9al pour des plats copieux et gourmands comme des moules marini\u00e8res.<\/p>\n\n\n\n<p>&#8211;\u00a0<strong>La Verdoyante<\/strong>\u00a0: nich\u00e9 au pied de Gassin sur la route entre Gigaro et Saint-Tropez, le lieu offre une vue sublime sur les vignes du Ch\u00e2teau Minuty et sur le golfe de Saint-Tropez. La qualit\u00e9 des plats et l&#8217;accueil familial subliment la beaut\u00e9 du cadre : <a href=\"https:\/\/www.la-verdoyante.fr\/\" data-type=\"link\" data-id=\"https:\/\/www.la-verdoyante.fr\/\">carte<\/a>. Demandez une table sur le bord de la terrasse et commandez le Tournedos Rossini ; tout va bien vous \u00eates &#8211; presque &#8211; en vacances.<\/p>\n\n\n\n<p>&#8211;\u00a0<strong>Chez Jeff<\/strong> <strong>et Ju<\/strong> et <strong>Chez les Gar\u00e7on<\/strong>s, \u00e0 Grimaud (deux restaurants tr\u00e8s sympa tenus par les m\u00eames propri\u00e9taires).<\/p>\n","protected":false},"excerpt":{"rendered":"<p>Pour les logements, voir la page pr\u00e9c\u00e9dente &#8220;Que faire&#8221;. C\u00f4t\u00e9 restauration, la r\u00e9gion est bien pourvue, trop pourvue peut-\u00eatre! De l&#8217;attrape-touristes au bon plan, en passant par le restaurant gastronomique, vous trouverez de tout et pour toutes les bourses. Dans l&#8217;ensemble, les prix sur la presqu&#8217;\u00eele sont plut\u00f4t \u00e9lev\u00e9s et ce a fortiori lorsque l&#8217;\u00e9tablissement [&hellip;]<\/p>\n","protected":false},"author":1,"featured_media":0,"parent":0,"menu_order":0,"comment_status":"closed","ping_status":"closed","template":"","meta":{"footnotes":""},"class_list":["post-373","page","type-page","status-publish","hentry"],"_links":{"self":[{"href":"https:\/\/anaettim.fr\/index.php?rest_route=\/wp\/v2\/pages\/373","targetHints":{"allow":["GET"]}}],"collection":[{"href":"https:\/\/anaettim.fr\/index.php?rest_route=\/wp\/v2\/pages"}],"about":[{"href":"https:\/\/anaettim.fr\/index.php?rest_route=\/wp\/v2\/types\/page"}],"author":[{"embeddable":true,"href":"https:\/\/anaettim.fr\/index.php?rest_route=\/wp\/v2\/users\/1"}],"replies":[{"embeddable":true,"href":"https:\/\/anaettim.fr\/index.php?rest_route=%2Fwp%2Fv2%2Fcomments&post=373"}],"version-history":[{"count":30,"href":"https:\/\/anaettim.fr\/index.php?rest_route=\/wp\/v2\/pages\/373\/revisions"}],"predecessor-version":[{"id":632,"href":"https:\/\/anaettim.fr\/index.php?rest_route=\/wp\/v2\/pages\/373\/revisions\/632"}],"wp:attachment":[{"href":"https:\/\/anaettim.fr\/index.php?rest_route=%2Fwp%2Fv2%2Fmedia&parent=373"}],"curies":[{"name":"wp","href":"https:\/\/api.w.org\/{rel}","templated":true}]}}