{"id":482,"date":"2025-10-21T20:51:04","date_gmt":"2025-10-21T18:51:04","guid":{"rendered":"https:\/\/anaettim.fr\/?page_id=482"},"modified":"2025-10-23T13:03:16","modified_gmt":"2025-10-23T11:03:16","slug":"bars","status":"publish","type":"page","link":"https:\/\/anaettim.fr\/?page_id=482","title":{"rendered":"Bars"},"content":{"rendered":"\n<p class=\"has-small-font-size\"><strong>Pour les logements, voir la page pr\u00e9c\u00e9dente &#8220;Quoi faire&#8221;<\/strong>. <\/p>\n\n\n\n<p>A l&#8217;instar des restaurants, les bars de la presqu&#8217;\u00eele jouissent d&#8217;un cadre exceptionnel et offrent des prestations de grande qualit\u00e9, mais souvent on\u00e9reuses (\u00e0 Gigaro, comptez entre 15 et 30 euros pour un cocktail). Un verre peut ainsi \u00eatre le pr\u00e9texte de pousser la porte de ces \u00e9tablissements hors norme et de d\u00e9couvrir leur ambiance cosy tout en profitant d&#8217;un vue \u00e0 couper le souffle.<\/p>\n\n\n\n<figure class=\"wp-block-image size-full\"><img loading=\"lazy\" decoding=\"async\" width=\"538\" height=\"702\" src=\"https:\/\/anaettim.fr\/wp-content\/uploads\/2025\/10\/Capture-decran-2025-10-21-120043.jpg\" alt=\"\" class=\"wp-image-414\"\/><\/figure>\n\n\n\n<p class=\"has-small-font-size\"><strong>Boudiou! L&#8217;alcool s&#8217;\u00e9vapore ici! <sup>(MFA)<\/sup><\/strong><\/p>\n\n\n\n<p class=\"has-white-color has-text-color has-link-color has-large-font-size wp-elements-40788854b9b799b6e96d930346fd3674\"><strong>Bars \u00e0 Gigaro<\/strong><\/p>\n\n\n\n<p>&#8211;<strong>P\u00e9p\u00e9 le pirate<\/strong>&nbsp;: bar embl\u00e9matique de la plage de Gigaro, un bon nombre d\u2019entre vous y a d\u00e9j\u00e0 mis les pieds&nbsp;! Devenu le bar de plage de l\u2019H\u00f4tel Lily of the Valley (oui encore lui) et renomm\u00e9 tr\u00e8s \u00e9l\u00e9gamment <em><a href=\"https:\/\/lilyofthevalley.com\/fr\/restaurant-pepe\" data-type=\"link\" data-id=\"https:\/\/lilyofthevalley.com\/fr\/restaurant-pepe\">Beach Club<\/a><\/em>, P\u00e9p\u00e9 le pirate a, certes, mont\u00e9 en gamme, mais n\u2019en demeure pas moins toujours aussi sympathique. Une \u00e9quipe jeune et dynamique vous accueillera pour d\u00e9guster, les pieds dans le sable, un de leur d\u00e9licieux cocktails. <\/p>\n\n\n\n<p>&#8211;<strong>La Cabane m\u00e9diterran\u00e9enne<\/strong>&nbsp;: \u00e0 gauche de la Pin\u00e8de, tout \u00e0 l\u2019est de la plage d\u2019H\u00e9racl\u00e9e, se trouve la Cabane m\u00e9diterran\u00e9enne. Pendant de P\u00e9p\u00e9 le pirate, la Cabane propose une <a href=\"https:\/\/www.lacabanemediterranee.com\" data-type=\"link\" data-id=\"https:\/\/www.lacabanemediterranee.com\">carte<\/a> assez simple, toujours les pieds dans le sable et bien s\u00fbr avec vue&nbsp;! Nous n\u2019y avons jamais mang\u00e9 et de m\u00e9moire les cocktails sont un cran en dessous de ceux de p\u00e9p\u00e9, mais l\u2019endroit est toutefois tr\u00e8s agr\u00e9able.<\/p>\n\n\n\n<p>&#8211;<strong>La Pin\u00e8de<\/strong>&nbsp;: Outre son restaurant un poil cher, l\u2019\u00e9tablissement dispose d\u2019un espace salon en bord de mer parfait pour prendre un cocktail original, voire sur mesure. Id\u00e9al pour profiter des derniers rayons du soleil ou pour passer l&#8217;apr\u00e8s-midi avec un bon bouquin: <a href=\"https:\/\/www.pinedeplage.com\/wp-content\/uploads\/la-pinede-diner-basse-saison-en.pdf?ver=1761042031\" data-type=\"link\" data-id=\"https:\/\/www.pinedeplage.com\/wp-content\/uploads\/la-pinede-diner-basse-saison-en.pdf?ver=1761042031\">carte<\/a>&nbsp;!<\/p>\n\n\n\n<p>&nbsp;&#8211;<strong>Le Bar du Vista<\/strong>: accol\u00e9 \u00e0 la piscine \u00e0 d\u00e9bordement et au restaurant \u00e9ponyme, le bar de l\u2019H\u00f4tel Lily of the Valley offre une exp\u00e9rience assez inoubliable. Le cadre, le service, la vue, les cocktails, tout est sublime&nbsp;: (<a href=\"https:\/\/www.lilyofthevalley.com\/uploads\/menus\/pdf\/MENU-BAR-VISTA-OCTOBRE-2025-WEB-2eme-partie.pdf\" data-type=\"link\" data-id=\"https:\/\/www.lilyofthevalley.com\/uploads\/menus\/pdf\/MENU-BAR-VISTA-OCTOBRE-2025-WEB-2eme-partie.pdf\">carte<\/a>)!<\/p>\n\n\n\n<p>***<\/p>\n\n\n\n<p class=\"has-white-color has-text-color has-link-color has-large-font-size wp-elements-b26923e68a468f1c0c479b9b63b7f00e\"><strong>Bars en dehors de Gigaro <\/strong><\/p>\n\n\n\n<p>Comme pour les restaurants, la presqu\u2019\u00eele offre de nombreux bars tout plus sympa les uns que les autres. Voici quelques id\u00e9es de lieu o\u00f9 aller prendre un verre en dehors de Gigaro.<\/p>\n\n\n\n<p>&#8211;<strong>Le Ch\u00e2teau de Chausse et le Ch\u00e2teau Saint-Maur<\/strong> sont deux vignobles o\u00f9 vous pouvez d\u00e9guster le vin de la maison dans un espace d\u00e9tendu o\u00f9 vous pouvez vous attardez un peu plus que pour une d\u00e9gustation classique.<\/p>\n\n\n\n<p>&#8211;<strong>La Rhumerie de Cavalaire<\/strong>&nbsp;: tu te prends pour un pirate et t\u2019aime bien boire des cocktails de rhume XXL en regardant les bateaux&nbsp;? Entre donc moussaillon! Les boissons sont bien plus accessibles que dans les bars de plage, mais l\u2019appel du rhume n\u2019est-il pas plus fort que celui du large&nbsp;? Et puis le sable entre les doigts de pied c\u2019est sympa 5 minutes, mais t\u2019es pas instagramer non plus. <a href=\"https:\/\/www.google.fr\/search?sca_esv=e4e3b1ba951674fc&amp;sxsrf=AE3TifPuW7oQpsKc1U_QGSaI9Q5HedNe3g:1761055555817&amp;kgmid=\/g\/1thjq_bq&amp;q=La+Rhumerie&amp;shndl=30&amp;shem=epsdc,lcuae,uaasie,shrtn&amp;source=sh\/x\/loc\/uni\/m1\/1&amp;kgs=87d01f4de75bda11&amp;utm_source=epsdc,lcuae,uaasie,shrtn,sh\/x\/loc\/uni\/m1\/1\" data-type=\"link\" data-id=\"https:\/\/www.google.fr\/search?sca_esv=e4e3b1ba951674fc&amp;sxsrf=AE3TifPuW7oQpsKc1U_QGSaI9Q5HedNe3g:1761055555817&amp;kgmid=\/g\/1thjq_bq&amp;q=La+Rhumerie&amp;shndl=30&amp;shem=epsdc,lcuae,uaasie,shrtn&amp;source=sh\/x\/loc\/uni\/m1\/1&amp;kgs=87d01f4de75bda11&amp;utm_source=epsdc,lcuae,uaasie,shrtn,sh\/x\/loc\/uni\/m1\/1\">A l&#8217;abordage<\/a>!<\/p>\n\n\n\n<p>&#8211;<strong>La Plage<\/strong>&nbsp;: nouvelle trouvaille d\u2019Andro p\u00e8re, La Plage est un bar qui, comme son nom l\u2019indique, est au bord de l\u2019eau. Accessible par un immense parking, le bar est sur une plage assez discr\u00e8te entre \u00ab&nbsp;La plage du d\u00e9barquement&nbsp;\u00bb et la plage de Cavalaire. Les cocktails y sont bons et plus abordables qu&#8217;\u00e0 Gigaro. Bref, la vue, la mer, le rhum, plus de rhum&nbsp;! C&#8217;est <a href=\"https:\/\/maps.app.goo.gl\/r2j4evt6GQWzXtn98\" data-type=\"link\" data-id=\"https:\/\/maps.app.goo.gl\/r2j4evt6GQWzXtn98\">ici<\/a>!<\/p>\n\n\n\n<p>&#8211;<strong>La plage du d\u00e9barquement<\/strong>&nbsp;: comme \u00e9nonc\u00e9 plus haut au sujet des restaurants, la plage du d\u00e9barquement abrite plusieurs bars plus ou moins proches de l\u2019eau. L\u2019ambiance y est moins \u00ab&nbsp;chic&nbsp;\u00bb qu\u2019\u00e0 Gigaro, mais on est tout aussi proche de l&#8217;eau&nbsp;! Allez viens, on est <a href=\"https:\/\/maps.app.goo.gl\/finkaWQH9EoF9yT6A\" data-type=\"link\" data-id=\"https:\/\/maps.app.goo.gl\/finkaWQH9EoF9yT6A\">bien<\/a>!<\/p>\n\n\n\n<p>&#8211;<strong>Les bars de la plage de Pampelonne<\/strong>&nbsp;: <a href=\"https:\/\/maps.app.goo.gl\/sCmm7Z4pGC8djDyX7\" data-type=\"link\" data-id=\"https:\/\/maps.app.goo.gl\/sCmm7Z4pGC8djDyX7\">plage embl\u00e9matique<\/a> de Saint-Tropez, ou plut\u00f4t de Ramatuelle, Pampelonne propose beaucoup, beaucoup, mais alors beaucoup de bars qui se transforment parfois en bo\u00eete de nuit. Tr\u00e8s important d\u2019y aller si vous ressentez l\u2019envie irr\u00e9sistible de dire \u00e0 un d\u00eener&nbsp;:&nbsp;\u00ab&nbsp;quoi, mais tu connais pas le <a href=\"https:\/\/nikkibeach.com\/saint-tropez\" data-type=\"link\" data-id=\"https:\/\/nikkibeach.com\/saint-tropez\">Niki Beach<\/a>&nbsp;? Ni le <a href=\"https:\/\/gigi-restaurant.com\/?utm_source=Yext&amp;utm_medium=GMB&amp;y_source=1_MjU3NjI3OTQtNzE1LWxvY2F0aW9uLndlYnNpdGU%3D\" data-type=\"link\" data-id=\"https:\/\/gigi-restaurant.com\/?utm_source=Yext&amp;utm_medium=GMB&amp;y_source=1_MjU3NjI3OTQtNzE1LWxvY2F0aW9uLndlYnNpdGU%3D\">Gigi<\/a>&nbsp;? Attends, mais t\u2019est jamais all\u00e9 au <a href=\"https:\/\/www.byblos-beach.com\/\" data-type=\"link\" data-id=\"https:\/\/www.byblos-beach.com\/\">Byblos<\/a> ou au <a href=\"https:\/\/www.club55.fr\" data-type=\"link\" data-id=\"https:\/\/www.club55.fr\">Club 55<\/a>&nbsp;?<\/p>\n\n\n\n<p><\/p>\n\n\n\n<p><\/p>\n","protected":false},"excerpt":{"rendered":"<p>Pour les logements, voir la page pr\u00e9c\u00e9dente &#8220;Quoi faire&#8221;. A l&#8217;instar des restaurants, les bars de la presqu&#8217;\u00eele jouissent d&#8217;un cadre exceptionnel et offrent des prestations de grande qualit\u00e9, mais souvent on\u00e9reuses (\u00e0 Gigaro, comptez entre 15 et 30 euros pour un cocktail). Un verre peut ainsi \u00eatre le pr\u00e9texte de pousser la porte de [&hellip;]<\/p>\n","protected":false},"author":5,"featured_media":0,"parent":0,"menu_order":0,"comment_status":"closed","ping_status":"closed","template":"","meta":{"footnotes":""},"class_list":["post-482","page","type-page","status-publish","hentry"],"_links":{"self":[{"href":"https:\/\/anaettim.fr\/index.php?rest_route=\/wp\/v2\/pages\/482","targetHints":{"allow":["GET"]}}],"collection":[{"href":"https:\/\/anaettim.fr\/index.php?rest_route=\/wp\/v2\/pages"}],"about":[{"href":"https:\/\/anaettim.fr\/index.php?rest_route=\/wp\/v2\/types\/page"}],"author":[{"embeddable":true,"href":"https:\/\/anaettim.fr\/index.php?rest_route=\/wp\/v2\/users\/5"}],"replies":[{"embeddable":true,"href":"https:\/\/anaettim.fr\/index.php?rest_route=%2Fwp%2Fv2%2Fcomments&post=482"}],"version-history":[{"count":7,"href":"https:\/\/anaettim.fr\/index.php?rest_route=\/wp\/v2\/pages\/482\/revisions"}],"predecessor-version":[{"id":603,"href":"https:\/\/anaettim.fr\/index.php?rest_route=\/wp\/v2\/pages\/482\/revisions\/603"}],"wp:attachment":[{"href":"https:\/\/anaettim.fr\/index.php?rest_route=%2Fwp%2Fv2%2Fmedia&parent=482"}],"curies":[{"name":"wp","href":"https:\/\/api.w.org\/{rel}","templated":true}]}}