{"id":515,"date":"2025-10-22T08:44:56","date_gmt":"2025-10-22T06:44:56","guid":{"rendered":"https:\/\/anaettim.fr\/?page_id=515"},"modified":"2025-10-22T21:21:50","modified_gmt":"2025-10-22T19:21:50","slug":"randonnees","status":"publish","type":"page","link":"https:\/\/anaettim.fr\/?page_id=515","title":{"rendered":"Randonn\u00e9es"},"content":{"rendered":"\n<figure class=\"wp-block-image size-full\"><img loading=\"lazy\" decoding=\"async\" width=\"1362\" height=\"912\" src=\"https:\/\/anaettim.fr\/wp-content\/uploads\/2025\/10\/Papa.jpg\" alt=\"\" class=\"wp-image-549\"\/><\/figure>\n\n\n\n<p>La meilleure moyen de d\u00e9couvrir la presqu&#8217;\u00eele de Saint-Tropez, c&#8217;est \u00e0 pied! Les chemins, comme le sentier du littoral sont tr\u00e8s bien balis\u00e9s, mais n&#8217;h\u00e9site pas \u00e0 aller faire un tour sur l&#8217;application <a href=\"https:\/\/www.visorando.com\/randonnee-les-cap-taillat-et-lardier-depuis-la-pla\/\" data-type=\"link\" data-id=\"https:\/\/www.visorando.com\/randonnee-les-cap-taillat-et-lardier-depuis-la-pla\/\">Visorando<\/a> qui est super bien faite et propose plusieurs itin\u00e9raires dans le coin. Attention, la plupart des itin\u00e9raires n\u00e9cessite un peu d&#8217;organisation dans la mesure o\u00f9 il ne s&#8217;agit pas de boucle. Autrement dit, il te faut soit trouver une \u00e2me charitable pour venir te chercher, soit pr\u00e9voir le coup avec une voiture d\u00e9j\u00e0 gar\u00e9e \u00e0 l&#8217;arriv\u00e9e. Mais dans tous les cas, rappelle toi bien d&#8217;une chose: si Max peut le faire, tu peux le faire!<\/p>\n\n\n\n<figure class=\"wp-block-image size-full is-resized\"><img loading=\"lazy\" decoding=\"async\" width=\"911\" height=\"1214\" src=\"https:\/\/anaettim.fr\/wp-content\/uploads\/2025\/10\/Max-1.jpg\" alt=\"\" class=\"wp-image-504\" style=\"width:459px;height:auto\"\/><\/figure>\n\n\n\n<p class=\"has-small-font-size\">Max au d\u00e9but de la randonn\u00e9e. <\/p>\n\n\n\n<figure class=\"wp-block-image size-full is-resized\"><img loading=\"lazy\" decoding=\"async\" width=\"1640\" height=\"1232\" src=\"https:\/\/anaettim.fr\/wp-content\/uploads\/2025\/10\/Max-.jpg\" alt=\"\" class=\"wp-image-505\" style=\"width:472px;height:auto\"\/><\/figure>\n\n\n\n<p class=\"has-small-font-size\">Max \u00e0 la fin de la randonn\u00e9e (oui papa a chang\u00e9 de t-shirt et mis un chapeau)<\/p>\n\n\n\n<p class=\"has-white-color has-text-color has-link-color has-large-font-size wp-elements-c2cd45e04bfbeebbbe03c96366dfa7ce\"><strong>Le sentier de Saint-Tropez <\/strong><\/p>\n\n\n\n<p>Balade pas trop sportive, cet itin\u00e9raire vous permet de profiter du chemin des douaniers, de visiter Saint-Tropez secret et de passer \u00e0 c\u00f4t\u00e9 de somptueuses maisons plus ou moins bien cach\u00e9es.<\/p>\n\n\n\n<figure class=\"wp-block-image size-full\"><img loading=\"lazy\" decoding=\"async\" width=\"970\" height=\"1648\" src=\"https:\/\/anaettim.fr\/wp-content\/uploads\/2025\/10\/Sentier-ST-2.jpg\" alt=\"\" class=\"wp-image-544\"\/><\/figure>\n\n\n\n<figure class=\"wp-block-image size-full\"><img loading=\"lazy\" decoding=\"async\" width=\"970\" height=\"1562\" src=\"https:\/\/anaettim.fr\/wp-content\/uploads\/2025\/10\/SEntier-ST.jpg\" alt=\"\" class=\"wp-image-545\"\/><\/figure>\n\n\n\n<p>Si vous souhaitez raccourcir de presque moiti\u00e9 l&#8217;itin\u00e9raire, vous pouvez vous garer discr\u00e8tement aux Salins (point 5 sur la carte Visorando) et rentrer en allant tout droit du point 1 au point 5. Cela vous \u00e9vite de passer par les points 6, 7 et 8. <\/p>\n\n\n\n<p>***<\/p>\n\n\n\n<p class=\"has-white-color has-text-color has-link-color has-large-font-size wp-elements-03d8aed9e9e50dfe4f85f85adb4f7d40\"><strong>Le Cap Lardier<\/strong><\/p>\n\n\n\n<figure class=\"wp-block-image size-full\"><img loading=\"lazy\" decoding=\"async\" width=\"1363\" height=\"915\" src=\"https:\/\/anaettim.fr\/wp-content\/uploads\/2025\/10\/Cap-Lardier.jpg\" alt=\"\" class=\"wp-image-550\"\/><\/figure>\n\n\n\n<p class=\"has-black-color has-text-color has-link-color has-medium-font-size wp-elements-cee833960d86c38883fe4f016b16c4cc\"><strong><em>LA BALADE DU CAP LARDIER<\/em><\/strong><\/p>\n\n\n\n<p>Chemin embl\u00e9matique du cap, la randonn\u00e9e commence <a href=\"https:\/\/maps.app.goo.gl\/3gUH3i8YVAY8APe68\" data-type=\"link\" data-id=\"https:\/\/maps.app.goo.gl\/3gUH3i8YVAY8APe68\">au bout du bout de la plage de Gigaro<\/a> (sous le restaurant le Refuge) et va jusqu&#8217;\u00e0&#8230; Saint-Tropez. Tu peux aussi t&#8217;arr\u00eater avant, vers <a href=\"https:\/\/maps.app.goo.gl\/eRpS44Yqyp4u4M9E7\" data-type=\"link\" data-id=\"https:\/\/maps.app.goo.gl\/eRpS44Yqyp4u4M9E7\">l&#8217;Escalet<\/a> o\u00f9 tu trouveras potentiellement des bus pour te ramener vers La Croix-Valmer. Visorando propose une boucle assez sympa, mais un peu sportive, de 4h50, qui part de la plage de Gigaro et qui permet de visiter le cap Lardier et cap Taillia (conf. photo en dessous). Autrement, sans boucle, c&#8217;est environ 2h30 pour aller de Gigaro \u00e0 l&#8217;Escalet et un peu plus de 7h pour se rendre jusqu&#8217;\u00e0 la <a href=\"https:\/\/maps.app.goo.gl\/MXJM1uyLLcWoMa5AA\" data-type=\"link\" data-id=\"https:\/\/maps.app.goo.gl\/MXJM1uyLLcWoMa5AA\">plage de la Mouette<\/a> \u00e0 Saint-Tropez. On est bien s\u00fbr qu&#8217;il y a au moins un fada parmi vous qui va le faire en mode trail!<\/p>\n\n\n\n<p><\/p>\n\n\n\n<figure class=\"wp-block-image size-full\"><img loading=\"lazy\" decoding=\"async\" width=\"970\" height=\"1429\" src=\"https:\/\/anaettim.fr\/wp-content\/uploads\/2025\/10\/Cap-lardier.jpg\" alt=\"\" class=\"wp-image-508\"\/><\/figure>\n\n\n\n<p class=\"has-black-color has-text-color has-link-color has-medium-font-size wp-elements-b720c8c70e200b5ff157532a8c8376f3\"><strong><em>LES HAUTS DE RAMATUELLE<\/em><\/strong><\/p>\n\n\n\n<p>Une ballade d\u00e9tente, au dessus du cap Lardier, des Mats de Gigaro et de Ramatuelle. L&#8217;id\u00e9e est de garer discr\u00e8tement la voiture <a href=\"https:\/\/maps.app.goo.gl\/A3pMcJEpkRbQj6rB7\" data-type=\"link\" data-id=\"https:\/\/maps.app.goo.gl\/A3pMcJEpkRbQj6rB7\">au sommet des Mas de Gigaro<\/a> et d&#8217;aller se balader vers le cap Lardier. <\/p>\n\n\n\n<figure class=\"wp-block-image size-full\"><img loading=\"lazy\" decoding=\"async\" width=\"1107\" height=\"808\" src=\"https:\/\/anaettim.fr\/wp-content\/uploads\/2025\/10\/voiture.jpg\" alt=\"\" class=\"wp-image-512\"\/><\/figure>\n\n\n\n<figure class=\"wp-block-image size-full\"><img loading=\"lazy\" decoding=\"async\" width=\"943\" height=\"772\" src=\"https:\/\/anaettim.fr\/wp-content\/uploads\/2025\/10\/Balade-ramatuelle.jpg\" alt=\"\" class=\"wp-image-509\"\/><\/figure>\n\n\n\n<p class=\"has-black-color has-text-color has-link-color has-medium-font-size wp-elements-457302c5133c2d39e63e5ebadb17313b\"><strong><em>LE SEMAPHORE DU CAP LARDIER<\/em><\/strong><\/p>\n\n\n\n<p>Autre randonn\u00e9e absolument superbe et relativement tranquille. Il faut toujours partir du haut des Mas de Gigaro pour aller quasiment jusqu&#8217;au Cap Lardier. Le chemin a peu de d\u00e9nivel\u00e9 et l&#8217;aller\/retour prend environ 2h. <\/p>\n\n\n\n<figure class=\"wp-block-image size-full\"><img loading=\"lazy\" decoding=\"async\" width=\"1216\" height=\"812\" src=\"https:\/\/anaettim.fr\/wp-content\/uploads\/2025\/10\/Semaphore.jpg\" alt=\"\" class=\"wp-image-510\"\/><\/figure>\n\n\n\n<p class=\"has-black-color has-text-color has-link-color has-medium-font-size wp-elements-7b5896cc725b4038192fe4e2fc61a9ab\"><strong><em>DES MAS A LA PLAGE DE GIGARO<\/em><\/strong><\/p>\n\n\n\n<p>Magnifique et assez tranquille dans le sens de la descente ( ce qui permet de voir la mer), cette balade commence comme celle du s\u00e9maphore, mais implique de descendre jusqu&#8217;aux plages du Brouis, puis de Gigaro, plut\u00f4t que de remonter au point de d\u00e9part. Le tout dure entre 1h30 et 2h et permet de finir par des spots baignades plut\u00f4t sympa!<\/p>\n\n\n\n<figure class=\"wp-block-image size-full\"><img loading=\"lazy\" decoding=\"async\" width=\"1060\" height=\"797\" src=\"https:\/\/anaettim.fr\/wp-content\/uploads\/2025\/10\/Descente-Gigaro-2.jpg\" alt=\"\" class=\"wp-image-520\"\/><\/figure>\n","protected":false},"excerpt":{"rendered":"<p>La meilleure moyen de d\u00e9couvrir la presqu&#8217;\u00eele de Saint-Tropez, c&#8217;est \u00e0 pied! Les chemins, comme le sentier du littoral sont tr\u00e8s bien balis\u00e9s, mais n&#8217;h\u00e9site pas \u00e0 aller faire un tour sur l&#8217;application Visorando qui est super bien faite et propose plusieurs itin\u00e9raires dans le coin. Attention, la plupart des itin\u00e9raires n\u00e9cessite un peu d&#8217;organisation [&hellip;]<\/p>\n","protected":false},"author":5,"featured_media":0,"parent":0,"menu_order":0,"comment_status":"closed","ping_status":"closed","template":"","meta":{"footnotes":""},"class_list":["post-515","page","type-page","status-publish","hentry"],"_links":{"self":[{"href":"https:\/\/anaettim.fr\/index.php?rest_route=\/wp\/v2\/pages\/515","targetHints":{"allow":["GET"]}}],"collection":[{"href":"https:\/\/anaettim.fr\/index.php?rest_route=\/wp\/v2\/pages"}],"about":[{"href":"https:\/\/anaettim.fr\/index.php?rest_route=\/wp\/v2\/types\/page"}],"author":[{"embeddable":true,"href":"https:\/\/anaettim.fr\/index.php?rest_route=\/wp\/v2\/users\/5"}],"replies":[{"embeddable":true,"href":"https:\/\/anaettim.fr\/index.php?rest_route=%2Fwp%2Fv2%2Fcomments&post=515"}],"version-history":[{"count":9,"href":"https:\/\/anaettim.fr\/index.php?rest_route=\/wp\/v2\/pages\/515\/revisions"}],"predecessor-version":[{"id":584,"href":"https:\/\/anaettim.fr\/index.php?rest_route=\/wp\/v2\/pages\/515\/revisions\/584"}],"wp:attachment":[{"href":"https:\/\/anaettim.fr\/index.php?rest_route=%2Fwp%2Fv2%2Fmedia&parent=515"}],"curies":[{"name":"wp","href":"https:\/\/api.w.org\/{rel}","templated":true}]}}